{"id":278,"date":"2025-04-29T13:29:37","date_gmt":"2025-04-29T11:29:37","guid":{"rendered":"https:\/\/miraihome.es\/?page_id=278"},"modified":"2025-06-05T15:12:01","modified_gmt":"2025-06-05T13:12:01","slug":"valoracion-gratuita","status":"publish","type":"page","link":"https:\/\/miraihome.es\/ca\/valoracion-gratuita\/","title":{"rendered":"Valoraci\u00f3 Gratu\u00efta"},"content":{"rendered":"<div data-elementor-type=\"wp-page\" data-elementor-id=\"278\" class=\"elementor elementor-278\" data-elementor-post-type=\"page\">\n\t\t\t\t<div data-particle_enable=\"false\" data-particle-mobile-disabled=\"false\" class=\"elementor-element elementor-element-b1588da e-flex e-con-boxed e-con e-parent\" data-id=\"b1588da\" data-element_type=\"container\">\n\t\t\t\t\t<div class=\"e-con-inner\">\n\t\t<div data-particle_enable=\"false\" data-particle-mobile-disabled=\"false\" class=\"elementor-element elementor-element-44c3d8a e-con-full e-flex e-con e-child\" data-id=\"44c3d8a\" data-element_type=\"container\" data-settings=\"{&quot;background_background&quot;:&quot;classic&quot;}\">\n\t\t\t\t<div class=\"elementor-element elementor-element-10d9d6f elementor-widget elementor-widget-spacer\" data-id=\"10d9d6f\" data-element_type=\"widget\" data-widget_type=\"spacer.default\">\n\t\t\t\t<div class=\"elementor-widget-container\">\n\t\t\t\t\t\t\t<div class=\"elementor-spacer\">\n\t\t\t<div class=\"elementor-spacer-inner\"><\/div>\n\t\t<\/div>\n\t\t\t\t\t\t<\/div>\n\t\t\t\t<\/div>\n\t\t<div data-particle_enable=\"false\" data-particle-mobile-disabled=\"false\" class=\"elementor-element elementor-element-af7c684 e-con-full e-flex e-con e-child\" data-id=\"af7c684\" data-element_type=\"container\">\n\t\t\t\t<div class=\"elementor-element elementor-element-37b51f8 elementor-widget elementor-widget-heading\" data-id=\"37b51f8\" data-element_type=\"widget\" data-widget_type=\"heading.default\">\n\t\t\t\t<div class=\"elementor-widget-container\">\n\t\t\t\t\t<h2 class=\"elementor-heading-title elementor-size-default\">VALORACI\u00d3 GRATU\u00cfTA<\/h2>\t\t\t\t<\/div>\n\t\t\t\t<\/div>\n\t\t\t\t<\/div>\n\t\t\t\t<div class=\"elementor-element elementor-element-5bd405e elementor-widget elementor-widget-spacer\" data-id=\"5bd405e\" data-element_type=\"widget\" data-widget_type=\"spacer.default\">\n\t\t\t\t<div class=\"elementor-widget-container\">\n\t\t\t\t\t\t\t<div class=\"elementor-spacer\">\n\t\t\t<div class=\"elementor-spacer-inner\"><\/div>\n\t\t<\/div>\n\t\t\t\t\t\t<\/div>\n\t\t\t\t<\/div>\n\t\t\t\t<\/div>\n\t\t\t\t<div class=\"elementor-element elementor-element-260bd4b elementor-widget elementor-widget-spacer\" data-id=\"260bd4b\" data-element_type=\"widget\" data-widget_type=\"spacer.default\">\n\t\t\t\t<div class=\"elementor-widget-container\">\n\t\t\t\t\t\t\t<div class=\"elementor-spacer\">\n\t\t\t<div class=\"elementor-spacer-inner\"><\/div>\n\t\t<\/div>\n\t\t\t\t\t\t<\/div>\n\t\t\t\t<\/div>\n\t\t<div data-particle_enable=\"false\" data-particle-mobile-disabled=\"false\" class=\"elementor-element elementor-element-6b11d88 e-flex e-con-boxed e-con e-child\" data-id=\"6b11d88\" data-element_type=\"container\">\n\t\t\t\t\t<div class=\"e-con-inner\">\n\t\t\t\t<div class=\"elementor-element elementor-element-2689aa1 eael-contact-form-7-button-align-left eael-contact-form-7-button-custom elementor-widget elementor-widget-eael-contact-form-7\" data-id=\"2689aa1\" data-element_type=\"widget\" data-widget_type=\"eael-contact-form-7.default\">\n\t\t\t\t<div class=\"elementor-widget-container\">\n\t\t\t\t\t<div class=\"eael-contact-form-7-wrapper\">\n                <div class=\"eael-contact-form eael-contact-form-7 eael-contact-form-2689aa1 placeholder-show eael-contact-form-align-default\">\n<div class=\"wpcf7 no-js\" id=\"wpcf7-f319-o1\" lang=\"es-ES\" dir=\"ltr\" data-wpcf7-id=\"319\">\n<div class=\"screen-reader-response\"><p role=\"status\" aria-live=\"polite\" aria-atomic=\"true\"><\/p> <ul><\/ul><\/div>\n<form action=\"\/ca\/wp-json\/wp\/v2\/pages\/278#wpcf7-f319-o1\" method=\"post\" class=\"wpcf7-form init\" aria-label=\"Formulario de contacto\" novalidate=\"novalidate\" data-status=\"init\" data-trp-original-action=\"\/ca\/wp-json\/wp\/v2\/pages\/278#wpcf7-f319-o1\">\n<div style=\"display: none;\">\n<input type=\"hidden\" name=\"_wpcf7\" value=\"319\" \/>\n<input type=\"hidden\" name=\"_wpcf7_version\" value=\"6.0.6\" \/>\n<input type=\"hidden\" name=\"_wpcf7_locale\" value=\"es_ES\" \/>\n<input type=\"hidden\" name=\"_wpcf7_unit_tag\" value=\"wpcf7-f319-o1\" \/>\n<input type=\"hidden\" name=\"_wpcf7_container_post\" value=\"0\" \/>\n<input type=\"hidden\" name=\"_wpcf7_posted_data_hash\" value=\"\" \/>\n<\/div>\n<p><label> Nom<br \/>\n<span class=\"wpcf7-form-control-wrap\" data-name=\"your-name\"><input size=\"40\" maxlength=\"400\" class=\"wpcf7-form-control wpcf7-text wpcf7-validates-as-required\" autocomplete=\"name\" aria-required=\"true\" aria-invalid=\"false\" value=\"\" type=\"text\" name=\"your-name\" \/><\/span> <\/label>\n<\/p>\n<p><label> Adre\u00e7a electr\u00f2nica<br \/>\n<span class=\"wpcf7-form-control-wrap\" data-name=\"your-email\"><input size=\"40\" maxlength=\"400\" class=\"wpcf7-form-control wpcf7-email wpcf7-validates-as-required wpcf7-text wpcf7-validates-as-email\" autocomplete=\"email\" aria-required=\"true\" aria-invalid=\"false\" value=\"\" type=\"email\" name=\"your-email\" \/><\/span> <\/label>\n<\/p>\n<p><label> Adre\u00e7a de l'immoble<br \/>\n<span class=\"wpcf7-form-control-wrap\" data-name=\"direccion\"><input size=\"40\" maxlength=\"400\" class=\"wpcf7-form-control wpcf7-text wpcf7-validates-as-required\" aria-required=\"true\" aria-invalid=\"false\" value=\"\" type=\"text\" name=\"direccion\" \/><\/span> <\/label>\n<\/p>\n<p><label> Tel\u00e8fon<br \/>\n<span class=\"wpcf7-form-control-wrap\" data-name=\"tel-589\"><input size=\"40\" maxlength=\"400\" minlength=\"9\" class=\"wpcf7-form-control wpcf7-tel wpcf7-validates-as-required wpcf7-text wpcf7-validates-as-tel\" aria-required=\"true\" aria-invalid=\"false\" value=\"\" type=\"tel\" name=\"tel-589\" \/><\/span> <\/label>\n<\/p>\n<p><span class=\"wpcf7-form-control-wrap\" data-name=\"acceptance-497\"><span class=\"wpcf7-form-control wpcf7-acceptance\"><span class=\"wpcf7-list-item\"><label><input type=\"checkbox\" name=\"acceptance-497\" value=\"1\" aria-invalid=\"false\" \/><span class=\"wpcf7-list-item-label\">He le\u00eddo y acepto la <a href=\"\/ca\/politica-privacidad\/\" target=\"_blank\">Pol\u00edtica de Privacidad<\/a><\/span><\/label><\/span><\/span><\/span>.\n<\/p>\n<p><input class=\"wpcf7-form-control wpcf7-submit has-spinner\" type=\"submit\" value=\"Enviar\" \/>\n<\/p><div class=\"wpcf7-response-output\" aria-hidden=\"true\"><\/div>\n<input type=\"hidden\" name=\"trp-form-language\" value=\"ca\"\/><\/form>\n<\/div>\n<\/div>\n            <\/div>\t\t\t\t<\/div>\n\t\t\t\t<\/div>\n\t\t\t\t\t<\/div>\n\t\t\t\t<\/div>\n\t\t\t\t\t<\/div>\n\t\t\t\t<\/div>\n\t\t\t\t<\/div>","protected":false},"excerpt":{"rendered":"<p>VALORACI\u00d3N GRATUITA Tu nombre Tu correo electr\u00f3nico Direcci\u00f3n del Inmueble N\u00famero de tel\u00e9fono<\/p>","protected":false},"author":1,"featured_media":0,"parent":0,"menu_order":0,"comment_status":"closed","ping_status":"closed","template":"","meta":{"_acf_changed":false,"footnotes":""},"class_list":["post-278","page","type-page","status-publish","hentry"],"acf":[],"yoast_head":"<!-- This site is optimized with the Yoast SEO Premium plugin v25.0 (Yoast SEO v25.0) - https:\/\/yoast.com\/wordpress\/plugins\/seo\/ -->\n<title>Valoraci\u00f3n Gratuita - Mirai Home Real Estate SL<\/title>\n<meta name=\"robots\" content=\"index, follow, max-snippet:-1, max-image-preview:large, max-video-preview:-1\" \/>\n<link rel=\"canonical\" href=\"https:\/\/miraihome.es\/ca\/valoracion-gratuita\/\" \/>\n<meta property=\"og:locale\" content=\"ca_ES\" \/>\n<meta property=\"og:type\" content=\"article\" \/>\n<meta property=\"og:title\" content=\"Valoraci\u00f3n Gratuita\" \/>\n<meta property=\"og:description\" content=\"VALORACI\u00d3N GRATUITA Tu nombre Tu correo electr\u00f3nico Direcci\u00f3n del Inmueble N\u00famero de tel\u00e9fono\" \/>\n<meta property=\"og:url\" content=\"https:\/\/miraihome.es\/ca\/valoracion-gratuita\/\" \/>\n<meta property=\"og:site_name\" content=\"Mirai Home Real Estate SL\" \/>\n<meta property=\"article:modified_time\" content=\"2025-06-05T13:12:01+00:00\" \/>\n<meta property=\"og:image\" content=\"https:\/\/miraihome.es\/wp-content\/uploads\/2025\/04\/Logo.jpeg\" \/>\n\t<meta property=\"og:image:width\" content=\"1600\" \/>\n\t<meta property=\"og:image:height\" content=\"832\" \/>\n\t<meta property=\"og:image:type\" content=\"image\/jpeg\" \/>\n<meta name=\"twitter:card\" content=\"summary_large_image\" \/>\n<meta name=\"twitter:label1\" content=\"Temps estimat de lectura\" \/>\n\t<meta name=\"twitter:data1\" content=\"1 minut\" \/>\n<script type=\"application\/ld+json\" class=\"yoast-schema-graph\">{\"@context\":\"https:\/\/schema.org\",\"@graph\":[{\"@type\":\"WebPage\",\"@id\":\"https:\/\/miraihome.es\/valoracion-gratuita\/\",\"url\":\"https:\/\/miraihome.es\/valoracion-gratuita\/\",\"name\":\"Valoraci\u00f3n Gratuita - Mirai Home Real Estate SL\",\"isPartOf\":{\"@id\":\"https:\/\/miraihome.es\/#website\"},\"datePublished\":\"2025-04-29T11:29:37+00:00\",\"dateModified\":\"2025-06-05T13:12:01+00:00\",\"breadcrumb\":{\"@id\":\"https:\/\/miraihome.es\/valoracion-gratuita\/#breadcrumb\"},\"inLanguage\":\"ca\",\"potentialAction\":[{\"@type\":\"ReadAction\",\"target\":[\"https:\/\/miraihome.es\/valoracion-gratuita\/\"]}]},{\"@type\":\"BreadcrumbList\",\"@id\":\"https:\/\/miraihome.es\/valoracion-gratuita\/#breadcrumb\",\"itemListElement\":[{\"@type\":\"ListItem\",\"position\":1,\"name\":\"Portada\",\"item\":\"https:\/\/miraihome.es\/\"},{\"@type\":\"ListItem\",\"position\":2,\"name\":\"Valoraci\u00f3n Gratuita\"}]},{\"@type\":\"WebSite\",\"@id\":\"https:\/\/miraihome.es\/#website\",\"url\":\"https:\/\/miraihome.es\/\",\"name\":\"Mirai Home Real Estate SL\",\"description\":\"Inmobiliaria en Granollers Mirai Home Real Estate\",\"publisher\":{\"@id\":\"https:\/\/miraihome.es\/#organization\"},\"alternateName\":\"Mirai Home Inmobiliaria Granollers\",\"potentialAction\":[{\"@type\":\"SearchAction\",\"target\":{\"@type\":\"EntryPoint\",\"urlTemplate\":\"https:\/\/miraihome.es\/?s={search_term_string}\"},\"query-input\":{\"@type\":\"PropertyValueSpecification\",\"valueRequired\":true,\"valueName\":\"search_term_string\"}}],\"inLanguage\":\"ca\"},{\"@type\":[\"Organization\",\"Place\"],\"@id\":\"https:\/\/miraihome.es\/#organization\",\"name\":\"Mirai Home Real Estate SL\",\"alternateName\":\"Mirai Home Granollers\",\"url\":\"https:\/\/miraihome.es\/\",\"logo\":{\"@type\":\"ImageObject\",\"inLanguage\":\"ca\",\"@id\":\"https:\/\/miraihome.es\/#\/schema\/logo\/image\/\",\"url\":\"https:\/\/miraihome.es\/wp-content\/uploads\/2025\/04\/logo2.webp\",\"contentUrl\":\"https:\/\/miraihome.es\/wp-content\/uploads\/2025\/04\/logo2.webp\",\"width\":350,\"height\":100,\"caption\":\"Mirai Home Real Estate SL\"},\"image\":{\"@id\":\"https:\/\/miraihome.es\/#\/schema\/logo\/image\/\"},\"sameAs\":[\"https:\/\/www.instagram.com\/miraihome.realestate\/\",\"https:\/\/www.tiktok.com\/@miraihome.realestate\"],\"description\":\"Compraventa de inmuebles en la localidad de Granollers y alrededores\",\"legalName\":\"Mirai Home Real Estate SL\",\"foundingDate\":\"2024-05-24\",\"numberOfEmployees\":{\"@type\":\"QuantitativeValue\",\"minValue\":\"11\",\"maxValue\":\"50\"},\"mainEntityOfPage\":{\"@id\":\"https:\/\/miraihome.es\/valoracion-gratuita\/\"}}]}<\/script>\n<meta name=\"geo.placename\" content=\"Granollers\" \/>\n<meta name=\"geo.position\" content=\"41.61021059999999;2.2890371\" \/>\n<meta name=\"geo.region\" content=\"Espanya\" \/>\n<!-- \/ Yoast SEO Premium plugin. -->","yoast_head_json":{"title":"Valoraci\u00f3n Gratuita - Mirai Home Real Estate SL","robots":{"index":"index","follow":"follow","max-snippet":"max-snippet:-1","max-image-preview":"max-image-preview:large","max-video-preview":"max-video-preview:-1"},"canonical":"https:\/\/miraihome.es\/ca\/valoracion-gratuita\/","og_locale":"ca_ES","og_type":"article","og_title":"Valoraci\u00f3n Gratuita","og_description":"VALORACI\u00d3N GRATUITA Tu nombre Tu correo electr\u00f3nico Direcci\u00f3n del Inmueble N\u00famero de tel\u00e9fono","og_url":"https:\/\/miraihome.es\/ca\/valoracion-gratuita\/","og_site_name":"Mirai Home Real Estate SL","article_modified_time":"2025-06-05T13:12:01+00:00","og_image":[{"width":1600,"height":832,"url":"https:\/\/miraihome.es\/wp-content\/uploads\/2025\/04\/Logo.jpeg","type":"image\/jpeg"}],"twitter_card":"summary_large_image","twitter_misc":{"Temps estimat de lectura":"1 minut"},"schema":{"@context":"https:\/\/schema.org","@graph":[{"@type":"WebPage","@id":"https:\/\/miraihome.es\/valoracion-gratuita\/","url":"https:\/\/miraihome.es\/valoracion-gratuita\/","name":"Valoraci\u00f3n Gratuita - Mirai Home Real Estate SL","isPartOf":{"@id":"https:\/\/miraihome.es\/#website"},"datePublished":"2025-04-29T11:29:37+00:00","dateModified":"2025-06-05T13:12:01+00:00","breadcrumb":{"@id":"https:\/\/miraihome.es\/valoracion-gratuita\/#breadcrumb"},"inLanguage":"ca","potentialAction":[{"@type":"ReadAction","target":["https:\/\/miraihome.es\/valoracion-gratuita\/"]}]},{"@type":"BreadcrumbList","@id":"https:\/\/miraihome.es\/valoracion-gratuita\/#breadcrumb","itemListElement":[{"@type":"ListItem","position":1,"name":"Portada","item":"https:\/\/miraihome.es\/"},{"@type":"ListItem","position":2,"name":"Valoraci\u00f3n Gratuita"}]},{"@type":"WebSite","@id":"https:\/\/miraihome.es\/#website","url":"https:\/\/miraihome.es\/","name":"Mirai Home Real Estate SL","description":"Inmobiliaria en Granollers Mirai Home Real Estate","publisher":{"@id":"https:\/\/miraihome.es\/#organization"},"alternateName":"Mirai Home Inmobiliaria Granollers","potentialAction":[{"@type":"SearchAction","target":{"@type":"EntryPoint","urlTemplate":"https:\/\/miraihome.es\/?s={search_term_string}"},"query-input":{"@type":"PropertyValueSpecification","valueRequired":true,"valueName":"search_term_string"}}],"inLanguage":"ca"},{"@type":["Organization","Place"],"@id":"https:\/\/miraihome.es\/#organization","name":"Mirai Home Real Estate SL","alternateName":"Mirai Home Granollers","url":"https:\/\/miraihome.es\/","logo":{"@type":"ImageObject","inLanguage":"ca","@id":"https:\/\/miraihome.es\/#\/schema\/logo\/image\/","url":"https:\/\/miraihome.es\/wp-content\/uploads\/2025\/04\/logo2.webp","contentUrl":"https:\/\/miraihome.es\/wp-content\/uploads\/2025\/04\/logo2.webp","width":350,"height":100,"caption":"Mirai Home Real Estate SL"},"image":{"@id":"https:\/\/miraihome.es\/#\/schema\/logo\/image\/"},"sameAs":["https:\/\/www.instagram.com\/miraihome.realestate\/","https:\/\/www.tiktok.com\/@miraihome.realestate"],"description":"Compraventa de inmuebles en la localidad de Granollers y alrededores","legalName":"Mirai Home Real Estate SL","foundingDate":"2024-05-24","numberOfEmployees":{"@type":"QuantitativeValue","minValue":"11","maxValue":"50"},"mainEntityOfPage":{"@id":"https:\/\/miraihome.es\/valoracion-gratuita\/"}}]},"geo.placename":"Granollers","geo.position":{"lat":"41.61021059999999","long":"2.2890371"},"geo.region":"Espanya"},"_links":{"self":[{"href":"https:\/\/miraihome.es\/ca\/wp-json\/wp\/v2\/pages\/278","targetHints":{"allow":["GET"]}}],"collection":[{"href":"https:\/\/miraihome.es\/ca\/wp-json\/wp\/v2\/pages"}],"about":[{"href":"https:\/\/miraihome.es\/ca\/wp-json\/wp\/v2\/types\/page"}],"author":[{"embeddable":true,"href":"https:\/\/miraihome.es\/ca\/wp-json\/wp\/v2\/users\/1"}],"replies":[{"embeddable":true,"href":"https:\/\/miraihome.es\/ca\/wp-json\/wp\/v2\/comments?post=278"}],"version-history":[{"count":17,"href":"https:\/\/miraihome.es\/ca\/wp-json\/wp\/v2\/pages\/278\/revisions"}],"predecessor-version":[{"id":1549,"href":"https:\/\/miraihome.es\/ca\/wp-json\/wp\/v2\/pages\/278\/revisions\/1549"}],"wp:attachment":[{"href":"https:\/\/miraihome.es\/ca\/wp-json\/wp\/v2\/media?parent=278"}],"curies":[{"name":"wp","href":"https:\/\/api.w.org\/{rel}","templated":true}]}}