{"id":1666,"date":"2025-06-27T11:06:32","date_gmt":"2025-06-27T09:06:32","guid":{"rendered":"https:\/\/miraihome.es\/?page_id=1666"},"modified":"2025-06-27T11:08:22","modified_gmt":"2025-06-27T09:08:22","slug":"granollers-centre","status":"publish","type":"page","link":"https:\/\/miraihome.es\/en\/granollers-centre\/","title":{"rendered":"Oficina Granollers Centre"},"content":{"rendered":"<div data-elementor-type=\"wp-page\" data-elementor-id=\"1666\" class=\"elementor elementor-1666\" data-elementor-post-type=\"page\">\n\t\t\t\t<div data-particle_enable=\"false\" data-particle-mobile-disabled=\"false\" class=\"elementor-element elementor-element-14b620b e-flex e-con-boxed e-con e-parent\" data-id=\"14b620b\" data-element_type=\"container\" data-settings=\"{&quot;background_background&quot;:&quot;classic&quot;}\">\n\t\t\t\t\t<div class=\"e-con-inner\">\n\t\t\t\t<div class=\"elementor-element elementor-element-768248c elementor-widget elementor-widget-spacer\" data-id=\"768248c\" data-element_type=\"widget\" data-widget_type=\"spacer.default\">\n\t\t\t\t<div class=\"elementor-widget-container\">\n\t\t\t\t\t\t\t<div class=\"elementor-spacer\">\n\t\t\t<div class=\"elementor-spacer-inner\"><\/div>\n\t\t<\/div>\n\t\t\t\t\t\t<\/div>\n\t\t\t\t<\/div>\n\t\t<div data-particle_enable=\"false\" data-particle-mobile-disabled=\"false\" class=\"elementor-element elementor-element-bf6daad e-con-full e-flex e-con e-child\" data-id=\"bf6daad\" data-element_type=\"container\">\n\t\t\t\t<div class=\"elementor-element elementor-element-ad5f012 elementor-widget elementor-widget-heading\" data-id=\"ad5f012\" data-element_type=\"widget\" data-widget_type=\"heading.default\">\n\t\t\t\t<div class=\"elementor-widget-container\">\n\t\t\t\t\t<h2 class=\"elementor-heading-title elementor-size-default\">Oficina Centre<\/h2>\t\t\t\t<\/div>\n\t\t\t\t<\/div>\n\t\t\t\t<\/div>\n\t\t\t\t<div class=\"elementor-element elementor-element-8d6d25e elementor-widget elementor-widget-spacer\" data-id=\"8d6d25e\" data-element_type=\"widget\" data-widget_type=\"spacer.default\">\n\t\t\t\t<div class=\"elementor-widget-container\">\n\t\t\t\t\t\t\t<div class=\"elementor-spacer\">\n\t\t\t<div class=\"elementor-spacer-inner\"><\/div>\n\t\t<\/div>\n\t\t\t\t\t\t<\/div>\n\t\t\t\t<\/div>\n\t\t\t\t\t<\/div>\n\t\t\t\t<\/div>\n\t\t<div data-particle_enable=\"false\" data-particle-mobile-disabled=\"false\" class=\"elementor-element elementor-element-58bb69f e-flex e-con-boxed e-con e-parent\" data-id=\"58bb69f\" data-element_type=\"container\">\n\t\t\t\t\t<div class=\"e-con-inner\">\n\t\t<div data-particle_enable=\"false\" data-particle-mobile-disabled=\"false\" class=\"elementor-element elementor-element-46631fc e-flex e-con-boxed e-con e-child\" data-id=\"46631fc\" data-element_type=\"container\">\n\t\t\t\t\t<div class=\"e-con-inner\">\n\t\t\t\t<div class=\"elementor-element elementor-element-2b26de2 elementor-widget elementor-widget-spacer\" data-id=\"2b26de2\" data-element_type=\"widget\" data-widget_type=\"spacer.default\">\n\t\t\t\t<div class=\"elementor-widget-container\">\n\t\t\t\t\t\t\t<div class=\"elementor-spacer\">\n\t\t\t<div class=\"elementor-spacer-inner\"><\/div>\n\t\t<\/div>\n\t\t\t\t\t\t<\/div>\n\t\t\t\t<\/div>\n\t\t\t\t<div class=\"elementor-element elementor-element-589cb8e elementor-widget elementor-widget-heading\" data-id=\"589cb8e\" data-element_type=\"widget\" data-widget_type=\"heading.default\">\n\t\t\t\t<div class=\"elementor-widget-container\">\n\t\t\t\t\t<h2 class=\"elementor-heading-title elementor-size-default\">GRANOLLERS CENTRE<\/h2>\t\t\t\t<\/div>\n\t\t\t\t<\/div>\n\t\t\t\t<div class=\"elementor-element elementor-element-3d5cce8 elementor-widget elementor-widget-spacer\" data-id=\"3d5cce8\" data-element_type=\"widget\" data-widget_type=\"spacer.default\">\n\t\t\t\t<div class=\"elementor-widget-container\">\n\t\t\t\t\t\t\t<div class=\"elementor-spacer\">\n\t\t\t<div class=\"elementor-spacer-inner\"><\/div>\n\t\t<\/div>\n\t\t\t\t\t\t<\/div>\n\t\t\t\t<\/div>\n\t\t\t\t<div class=\"elementor-element elementor-element-4a87d20 elementor-widget elementor-widget-text-editor\" data-id=\"4a87d20\" data-element_type=\"widget\" data-widget_type=\"text-editor.default\">\n\t\t\t\t<div class=\"elementor-widget-container\">\n\t\t\t\t\t\t\t\t\t<p><strong>Address<\/strong><\/p><p>Calle Josep Torras i Bages 3, Granollers, C.P 08401<\/p><p><strong>Email<\/strong><\/p><p>granollerscentre@miraihome.es<\/p><p><strong>Phone numbers<\/strong><\/p><p>937 060 730 &#8211; 699 595 754<\/p>\t\t\t\t\t\t\t\t<\/div>\n\t\t\t\t<\/div>\n\t\t\t\t<div class=\"elementor-element elementor-element-52d3deb elementor-widget elementor-widget-google_maps\" data-id=\"52d3deb\" data-element_type=\"widget\" data-widget_type=\"google_maps.default\">\n\t\t\t\t<div class=\"elementor-widget-container\">\n\t\t\t\t\t\t\t<div class=\"elementor-custom-embed\">\n\t\t\t<iframe loading=\"lazy\"\n\t\t\t\t\tsrc=\"https:\/\/maps.google.com\/maps?q=Calle%20Josep%20Torras%20i%20Bages%203%2C%20Granollers%2C%20Barcelona&#038;t=m&#038;z=10&#038;output=embed&#038;iwloc=near\"\n\t\t\t\t\ttitle=\"Calle Josep Torras i Bages 3, Granollers, Barcelona\"\n\t\t\t\t\taria-label=\"Calle Josep Torras i Bages 3, Granollers, Barcelona\"\n\t\t\t><\/iframe>\n\t\t<\/div>\n\t\t\t\t\t\t<\/div>\n\t\t\t\t<\/div>\n\t\t\t\t\t<\/div>\n\t\t\t\t<\/div>\n\t\t\t\t<div class=\"elementor-element elementor-element-8a879e4 elementor-widget elementor-widget-spacer\" data-id=\"8a879e4\" data-element_type=\"widget\" data-widget_type=\"spacer.default\">\n\t\t\t\t<div class=\"elementor-widget-container\">\n\t\t\t\t\t\t\t<div class=\"elementor-spacer\">\n\t\t\t<div class=\"elementor-spacer-inner\"><\/div>\n\t\t<\/div>\n\t\t\t\t\t\t<\/div>\n\t\t\t\t<\/div>\n\t\t\t\t\t<\/div>\n\t\t\t\t<\/div>\n\t\t<div data-particle_enable=\"false\" data-particle-mobile-disabled=\"false\" class=\"elementor-element elementor-element-d983046 e-flex e-con-boxed e-con e-parent\" data-id=\"d983046\" data-element_type=\"container\">\n\t\t\t\t\t<div class=\"e-con-inner\">\n\t\t\t\t<div class=\"elementor-element elementor-element-fdec71e elementor-widget elementor-widget-spacer\" data-id=\"fdec71e\" data-element_type=\"widget\" data-widget_type=\"spacer.default\">\n\t\t\t\t<div class=\"elementor-widget-container\">\n\t\t\t\t\t\t\t<div class=\"elementor-spacer\">\n\t\t\t<div class=\"elementor-spacer-inner\"><\/div>\n\t\t<\/div>\n\t\t\t\t\t\t<\/div>\n\t\t\t\t<\/div>\n\t\t\t\t\t<\/div>\n\t\t\t\t<\/div>\n\t\t\t\t<\/div>","protected":false},"excerpt":{"rendered":"<p>Oficina Centre GRANOLLERS CENTRE Direcci\u00f3n Calle Josep Torras i Bages 3, Granollers, C.P 08401 Correo electr\u00f3nico granollerscentre@miraihome.es N\u00fameros de contacto 937 060 730 &#8211; 699 595 754<\/p>","protected":false},"author":1,"featured_media":0,"parent":0,"menu_order":0,"comment_status":"closed","ping_status":"closed","template":"","meta":{"_acf_changed":false,"footnotes":""},"class_list":["post-1666","page","type-page","status-publish","hentry"],"acf":[],"yoast_head":"<!-- This site is optimized with the Yoast SEO Premium plugin v25.0 (Yoast SEO v25.0) - https:\/\/yoast.com\/wordpress\/plugins\/seo\/ -->\n<title>Oficina Granollers Centre - Mirai Home Real Estate SL<\/title>\n<meta name=\"robots\" content=\"index, follow, max-snippet:-1, max-image-preview:large, max-video-preview:-1\" \/>\n<link rel=\"canonical\" href=\"https:\/\/miraihome.es\/en\/granollers-centre\/\" \/>\n<meta property=\"og:locale\" content=\"en_GB\" \/>\n<meta property=\"og:type\" content=\"article\" \/>\n<meta property=\"og:title\" content=\"Oficina Granollers Centre\" \/>\n<meta property=\"og:description\" content=\"Oficina Centre GRANOLLERS CENTRE Direcci\u00f3n Calle Josep Torras i Bages 3, Granollers, C.P 08401 Correo electr\u00f3nico granollerscentre@miraihome.es N\u00fameros de contacto 937 060 730 &#8211; 699 595 754\" \/>\n<meta property=\"og:url\" content=\"https:\/\/miraihome.es\/en\/granollers-centre\/\" \/>\n<meta property=\"og:site_name\" content=\"Mirai Home Real Estate SL\" \/>\n<meta property=\"article:modified_time\" content=\"2025-06-27T09:08:22+00:00\" \/>\n<meta property=\"og:image\" content=\"https:\/\/miraihome.es\/wp-content\/uploads\/2025\/04\/Logo.jpeg\" \/>\n\t<meta property=\"og:image:width\" content=\"1600\" \/>\n\t<meta property=\"og:image:height\" content=\"832\" \/>\n\t<meta property=\"og:image:type\" content=\"image\/jpeg\" \/>\n<meta name=\"twitter:card\" content=\"summary_large_image\" \/>\n<meta name=\"twitter:label1\" content=\"Estimated reading time\" \/>\n\t<meta name=\"twitter:data1\" content=\"1 minute\" \/>\n<script type=\"application\/ld+json\" class=\"yoast-schema-graph\">{\"@context\":\"https:\/\/schema.org\",\"@graph\":[{\"@type\":\"WebPage\",\"@id\":\"https:\/\/miraihome.es\/granollers-centre\/\",\"url\":\"https:\/\/miraihome.es\/granollers-centre\/\",\"name\":\"Oficina Granollers Centre - Mirai Home Real Estate SL\",\"isPartOf\":{\"@id\":\"https:\/\/miraihome.es\/#website\"},\"datePublished\":\"2025-06-27T09:06:32+00:00\",\"dateModified\":\"2025-06-27T09:08:22+00:00\",\"breadcrumb\":{\"@id\":\"https:\/\/miraihome.es\/granollers-centre\/#breadcrumb\"},\"inLanguage\":\"en-GB\",\"potentialAction\":[{\"@type\":\"ReadAction\",\"target\":[\"https:\/\/miraihome.es\/granollers-centre\/\"]}]},{\"@type\":\"BreadcrumbList\",\"@id\":\"https:\/\/miraihome.es\/granollers-centre\/#breadcrumb\",\"itemListElement\":[{\"@type\":\"ListItem\",\"position\":1,\"name\":\"Portada\",\"item\":\"https:\/\/miraihome.es\/\"},{\"@type\":\"ListItem\",\"position\":2,\"name\":\"Oficina Granollers Centre\"}]},{\"@type\":\"WebSite\",\"@id\":\"https:\/\/miraihome.es\/#website\",\"url\":\"https:\/\/miraihome.es\/\",\"name\":\"Mirai Home Real Estate SL\",\"description\":\"Inmobiliaria en Granollers Mirai Home Real Estate\",\"publisher\":{\"@id\":\"https:\/\/miraihome.es\/#organization\"},\"alternateName\":\"Mirai Home Inmobiliaria Granollers\",\"potentialAction\":[{\"@type\":\"SearchAction\",\"target\":{\"@type\":\"EntryPoint\",\"urlTemplate\":\"https:\/\/miraihome.es\/?s={search_term_string}\"},\"query-input\":{\"@type\":\"PropertyValueSpecification\",\"valueRequired\":true,\"valueName\":\"search_term_string\"}}],\"inLanguage\":\"en-GB\"},{\"@type\":[\"Organization\",\"Place\"],\"@id\":\"https:\/\/miraihome.es\/#organization\",\"name\":\"Mirai Home Real Estate SL\",\"alternateName\":\"Mirai Home Granollers\",\"url\":\"https:\/\/miraihome.es\/\",\"logo\":{\"@type\":\"ImageObject\",\"inLanguage\":\"en-GB\",\"@id\":\"https:\/\/miraihome.es\/#\/schema\/logo\/image\/\",\"url\":\"https:\/\/miraihome.es\/wp-content\/uploads\/2025\/04\/logo2.webp\",\"contentUrl\":\"https:\/\/miraihome.es\/wp-content\/uploads\/2025\/04\/logo2.webp\",\"width\":350,\"height\":100,\"caption\":\"Mirai Home Real Estate SL\"},\"image\":{\"@id\":\"https:\/\/miraihome.es\/#\/schema\/logo\/image\/\"},\"sameAs\":[\"https:\/\/www.instagram.com\/miraihome.realestate\/\",\"https:\/\/www.tiktok.com\/@miraihome.realestate\"],\"description\":\"Compraventa de inmuebles en la localidad de Granollers y alrededores\",\"legalName\":\"Mirai Home Real Estate SL\",\"foundingDate\":\"2024-05-24\",\"numberOfEmployees\":{\"@type\":\"QuantitativeValue\",\"minValue\":\"11\",\"maxValue\":\"50\"},\"mainEntityOfPage\":{\"@id\":\"https:\/\/miraihome.es\/granollers-centre\/\"}}]}<\/script>\n<meta name=\"geo.placename\" content=\"Granollers\" \/>\n<meta name=\"geo.position\" content=\"41.61021059999999;2.2890371\" \/>\n<meta name=\"geo.region\" content=\"Spain\" \/>\n<!-- \/ Yoast SEO Premium plugin. -->","yoast_head_json":{"title":"Oficina Granollers Centre - Mirai Home Real Estate SL","robots":{"index":"index","follow":"follow","max-snippet":"max-snippet:-1","max-image-preview":"max-image-preview:large","max-video-preview":"max-video-preview:-1"},"canonical":"https:\/\/miraihome.es\/en\/granollers-centre\/","og_locale":"en_GB","og_type":"article","og_title":"Oficina Granollers Centre","og_description":"Oficina Centre GRANOLLERS CENTRE Direcci\u00f3n Calle Josep Torras i Bages 3, Granollers, C.P 08401 Correo electr\u00f3nico granollerscentre@miraihome.es N\u00fameros de contacto 937 060 730 &#8211; 699 595 754","og_url":"https:\/\/miraihome.es\/en\/granollers-centre\/","og_site_name":"Mirai Home Real Estate SL","article_modified_time":"2025-06-27T09:08:22+00:00","og_image":[{"width":1600,"height":832,"url":"https:\/\/miraihome.es\/wp-content\/uploads\/2025\/04\/Logo.jpeg","type":"image\/jpeg"}],"twitter_card":"summary_large_image","twitter_misc":{"Estimated reading time":"1 minute"},"schema":{"@context":"https:\/\/schema.org","@graph":[{"@type":"WebPage","@id":"https:\/\/miraihome.es\/granollers-centre\/","url":"https:\/\/miraihome.es\/granollers-centre\/","name":"Oficina Granollers Centre - Mirai Home Real Estate SL","isPartOf":{"@id":"https:\/\/miraihome.es\/#website"},"datePublished":"2025-06-27T09:06:32+00:00","dateModified":"2025-06-27T09:08:22+00:00","breadcrumb":{"@id":"https:\/\/miraihome.es\/granollers-centre\/#breadcrumb"},"inLanguage":"en-GB","potentialAction":[{"@type":"ReadAction","target":["https:\/\/miraihome.es\/granollers-centre\/"]}]},{"@type":"BreadcrumbList","@id":"https:\/\/miraihome.es\/granollers-centre\/#breadcrumb","itemListElement":[{"@type":"ListItem","position":1,"name":"Portada","item":"https:\/\/miraihome.es\/"},{"@type":"ListItem","position":2,"name":"Oficina Granollers Centre"}]},{"@type":"WebSite","@id":"https:\/\/miraihome.es\/#website","url":"https:\/\/miraihome.es\/","name":"Mirai Home Real Estate SL","description":"Inmobiliaria en Granollers Mirai Home Real Estate","publisher":{"@id":"https:\/\/miraihome.es\/#organization"},"alternateName":"Mirai Home Inmobiliaria Granollers","potentialAction":[{"@type":"SearchAction","target":{"@type":"EntryPoint","urlTemplate":"https:\/\/miraihome.es\/?s={search_term_string}"},"query-input":{"@type":"PropertyValueSpecification","valueRequired":true,"valueName":"search_term_string"}}],"inLanguage":"en-GB"},{"@type":["Organization","Place"],"@id":"https:\/\/miraihome.es\/#organization","name":"Mirai Home Real Estate SL","alternateName":"Mirai Home Granollers","url":"https:\/\/miraihome.es\/","logo":{"@type":"ImageObject","inLanguage":"en-GB","@id":"https:\/\/miraihome.es\/#\/schema\/logo\/image\/","url":"https:\/\/miraihome.es\/wp-content\/uploads\/2025\/04\/logo2.webp","contentUrl":"https:\/\/miraihome.es\/wp-content\/uploads\/2025\/04\/logo2.webp","width":350,"height":100,"caption":"Mirai Home Real Estate SL"},"image":{"@id":"https:\/\/miraihome.es\/#\/schema\/logo\/image\/"},"sameAs":["https:\/\/www.instagram.com\/miraihome.realestate\/","https:\/\/www.tiktok.com\/@miraihome.realestate"],"description":"Compraventa de inmuebles en la localidad de Granollers y alrededores","legalName":"Mirai Home Real Estate SL","foundingDate":"2024-05-24","numberOfEmployees":{"@type":"QuantitativeValue","minValue":"11","maxValue":"50"},"mainEntityOfPage":{"@id":"https:\/\/miraihome.es\/granollers-centre\/"}}]},"geo.placename":"Granollers","geo.position":{"lat":"41.61021059999999","long":"2.2890371"},"geo.region":"Spain"},"_links":{"self":[{"href":"https:\/\/miraihome.es\/en\/wp-json\/wp\/v2\/pages\/1666","targetHints":{"allow":["GET"]}}],"collection":[{"href":"https:\/\/miraihome.es\/en\/wp-json\/wp\/v2\/pages"}],"about":[{"href":"https:\/\/miraihome.es\/en\/wp-json\/wp\/v2\/types\/page"}],"author":[{"embeddable":true,"href":"https:\/\/miraihome.es\/en\/wp-json\/wp\/v2\/users\/1"}],"replies":[{"embeddable":true,"href":"https:\/\/miraihome.es\/en\/wp-json\/wp\/v2\/comments?post=1666"}],"version-history":[{"count":4,"href":"https:\/\/miraihome.es\/en\/wp-json\/wp\/v2\/pages\/1666\/revisions"}],"predecessor-version":[{"id":1670,"href":"https:\/\/miraihome.es\/en\/wp-json\/wp\/v2\/pages\/1666\/revisions\/1670"}],"wp:attachment":[{"href":"https:\/\/miraihome.es\/en\/wp-json\/wp\/v2\/media?parent=1666"}],"curies":[{"name":"wp","href":"https:\/\/api.w.org\/{rel}","templated":true}]}}